{"id":5023,"date":"2025-10-27T15:36:53","date_gmt":"2025-10-27T12:36:53","guid":{"rendered":"https:\/\/kodufiltrid.ee\/?post_type=product&#038;p=5023"},"modified":"2025-10-27T15:46:48","modified_gmt":"2025-10-27T12:46:48","slug":"komfort-roto-ec-e280","status":"publish","type":"product","link":"https:\/\/kodufiltrid.ee\/ru\/toode\/komfort-roto-ec-e280\/","title":{"rendered":"Komfort Roto EC (E)280"},"content":{"rendered":"","protected":false},"excerpt":{"rendered":"<p class=\"x_MsoNormal\"><span lang=\"ET\">Paneelfilter, mis on m\u00f5eldud ventilatsiooniseadmele Blauberg Komfort Roto EC (E)280. Filter on valmistatud mitmekihilisest s\u00fcnteetilisest materjalist, mis tagab madala r\u00f5hukao ja suure tolmukogumise v\u00f5ime. Toodetud Eestis.<\/span><\/p>\n<p class=\"x_MsoNormal\"><span lang=\"ET\">\u00a0<\/span><\/p>\n<p class=\"x_MsoNormal\"><b>M\u00f5\u00f5dud ja filtriklass:<\/b><b><span lang=\"ET\"><br \/>\n<\/span><\/b><span lang=\"ET\">436 x 196 x 40 \u2013 ePM1 55% (F7)<br \/>\n<\/span><span lang=\"ET\">436 x 196 x 40 \u2013 Coarse 80% (G4)<br \/>\n<\/span><b>Filtriraam:\u00a0<\/b>FSC sertifitseeritud niiskuskindlast papist<\/p>\n","protected":false},"featured_media":0,"comment_status":"closed","ping_status":"closed","template":"","meta":{"_acf_changed":false,"inline_featured_image":false},"product_brand":[],"product_cat":[15],"product_tag":[],"class_list":{"0":"post-5023","1":"product","2":"type-product","3":"status-publish","5":"product_cat-tooted","7":"first","8":"instock","9":"taxable","10":"shipping-taxable","11":"purchasable","12":"product-type-simple"},"acf":[],"yoast_head":"<!-- This site is optimized with the Yoast SEO plugin v27.4 - https:\/\/yoast.com\/product\/yoast-seo-wordpress\/ -->\n<title>Komfort Roto EC (E)280 - Kodufiltrid<\/title>\n<meta name=\"description\" content=\"Blauberg Komfort ventilatsiooniseadme filtrid saad tellida meie e-poest. Kui ei leia sobivat toodet, siis kirjuta meile. Filtrid on Eestis toodetud!\" \/>\n<meta name=\"robots\" content=\"index, follow, max-snippet:-1, max-image-preview:large, max-video-preview:-1\" \/>\n<link rel=\"canonical\" href=\"https:\/\/kodufiltrid.ee\/ru\/toode\/komfort-roto-ec-e280\/\" \/>\n<meta property=\"og:locale\" content=\"ru_RU\" \/>\n<meta property=\"og:type\" content=\"article\" \/>\n<meta property=\"og:title\" content=\"Komfort Roto EC (E)280 - Kodufiltrid\" \/>\n<meta property=\"og:description\" content=\"Blauberg Komfort ventilatsiooniseadme filtrid saad tellida meie e-poest. Kui ei leia sobivat toodet, siis kirjuta meile. Filtrid on Eestis toodetud!\" \/>\n<meta property=\"og:url\" content=\"https:\/\/kodufiltrid.ee\/ru\/toode\/komfort-roto-ec-e280\/\" \/>\n<meta property=\"og:site_name\" content=\"Kodufiltrid\" \/>\n<meta property=\"article:modified_time\" content=\"2025-10-27T12:46:48+00:00\" \/>\n<meta name=\"twitter:card\" content=\"summary_large_image\" \/>\n<script type=\"application\/ld+json\" class=\"yoast-schema-graph\">{\"@context\":\"https:\\\/\\\/schema.org\",\"@graph\":[{\"@type\":\"WebPage\",\"@id\":\"https:\\\/\\\/kodufiltrid.ee\\\/ru\\\/toode\\\/komfort-roto-ec-e280\\\/\",\"url\":\"https:\\\/\\\/kodufiltrid.ee\\\/ru\\\/toode\\\/komfort-roto-ec-e280\\\/\",\"name\":\"Komfort Roto EC (E)280 - Kodufiltrid\",\"isPartOf\":{\"@id\":\"https:\\\/\\\/kodufiltrid.ee\\\/ru\\\/#website\"},\"datePublished\":\"2025-10-27T12:36:53+00:00\",\"dateModified\":\"2025-10-27T12:46:48+00:00\",\"description\":\"Blauberg Komfort ventilatsiooniseadme filtrid saad tellida meie e-poest. Kui ei leia sobivat toodet, siis kirjuta meile. Filtrid on Eestis toodetud!\",\"breadcrumb\":{\"@id\":\"https:\\\/\\\/kodufiltrid.ee\\\/ru\\\/toode\\\/komfort-roto-ec-e280\\\/#breadcrumb\"},\"inLanguage\":\"ru-RU\",\"potentialAction\":[{\"@type\":\"ReadAction\",\"target\":[\"https:\\\/\\\/kodufiltrid.ee\\\/ru\\\/toode\\\/komfort-roto-ec-e280\\\/\"]}]},{\"@type\":\"BreadcrumbList\",\"@id\":\"https:\\\/\\\/kodufiltrid.ee\\\/ru\\\/toode\\\/komfort-roto-ec-e280\\\/#breadcrumb\",\"itemListElement\":[{\"@type\":\"ListItem\",\"position\":1,\"name\":\"\u0414\u043e\u043c\u0430\u0448\u043d\u044f\u044f \u0441\u0442\u0440\u0430\u043d\u0438\u0446\u0430\",\"item\":\"https:\\\/\\\/kodufiltrid.ee\\\/ru\\\/\"},{\"@type\":\"ListItem\",\"position\":2,\"name\":\"\u042d-\u043c\u0430\u0433\u0430\u0437\u0438\u043d\",\"item\":\"https:\\\/\\\/kodufiltrid.ee\\\/ru\\\/magazin\\\/\"},{\"@type\":\"ListItem\",\"position\":3,\"name\":\"Komfort Roto EC (E)280\"}]},{\"@type\":\"WebSite\",\"@id\":\"https:\\\/\\\/kodufiltrid.ee\\\/ru\\\/#website\",\"url\":\"https:\\\/\\\/kodufiltrid.ee\\\/ru\\\/\",\"name\":\"Kodufiltrid\",\"description\":\"\u00d5hu- ja Ventilatsioonifiltrid | Osta e-poest\",\"potentialAction\":[{\"@type\":\"SearchAction\",\"target\":{\"@type\":\"EntryPoint\",\"urlTemplate\":\"https:\\\/\\\/kodufiltrid.ee\\\/ru\\\/?s={search_term_string}\"},\"query-input\":{\"@type\":\"PropertyValueSpecification\",\"valueRequired\":true,\"valueName\":\"search_term_string\"}}],\"inLanguage\":\"ru-RU\"}]}<\/script>\n<!-- \/ Yoast SEO plugin. -->","yoast_head_json":{"title":"Komfort Roto EC (E)280 - Kodufiltrid","description":"Blauberg Komfort ventilatsiooniseadme filtrid saad tellida meie e-poest. Kui ei leia sobivat toodet, siis kirjuta meile. Filtrid on Eestis toodetud!","robots":{"index":"index","follow":"follow","max-snippet":"max-snippet:-1","max-image-preview":"max-image-preview:large","max-video-preview":"max-video-preview:-1"},"canonical":"https:\/\/kodufiltrid.ee\/ru\/toode\/komfort-roto-ec-e280\/","og_locale":"ru_RU","og_type":"article","og_title":"Komfort Roto EC (E)280 - Kodufiltrid","og_description":"Blauberg Komfort ventilatsiooniseadme filtrid saad tellida meie e-poest. Kui ei leia sobivat toodet, siis kirjuta meile. Filtrid on Eestis toodetud!","og_url":"https:\/\/kodufiltrid.ee\/ru\/toode\/komfort-roto-ec-e280\/","og_site_name":"Kodufiltrid","article_modified_time":"2025-10-27T12:46:48+00:00","twitter_card":"summary_large_image","schema":{"@context":"https:\/\/schema.org","@graph":[{"@type":"WebPage","@id":"https:\/\/kodufiltrid.ee\/ru\/toode\/komfort-roto-ec-e280\/","url":"https:\/\/kodufiltrid.ee\/ru\/toode\/komfort-roto-ec-e280\/","name":"Komfort Roto EC (E)280 - Kodufiltrid","isPartOf":{"@id":"https:\/\/kodufiltrid.ee\/ru\/#website"},"datePublished":"2025-10-27T12:36:53+00:00","dateModified":"2025-10-27T12:46:48+00:00","description":"Blauberg Komfort ventilatsiooniseadme filtrid saad tellida meie e-poest. Kui ei leia sobivat toodet, siis kirjuta meile. Filtrid on Eestis toodetud!","breadcrumb":{"@id":"https:\/\/kodufiltrid.ee\/ru\/toode\/komfort-roto-ec-e280\/#breadcrumb"},"inLanguage":"ru-RU","potentialAction":[{"@type":"ReadAction","target":["https:\/\/kodufiltrid.ee\/ru\/toode\/komfort-roto-ec-e280\/"]}]},{"@type":"BreadcrumbList","@id":"https:\/\/kodufiltrid.ee\/ru\/toode\/komfort-roto-ec-e280\/#breadcrumb","itemListElement":[{"@type":"ListItem","position":1,"name":"\u0414\u043e\u043c\u0430\u0448\u043d\u044f\u044f \u0441\u0442\u0440\u0430\u043d\u0438\u0446\u0430","item":"https:\/\/kodufiltrid.ee\/ru\/"},{"@type":"ListItem","position":2,"name":"\u042d-\u043c\u0430\u0433\u0430\u0437\u0438\u043d","item":"https:\/\/kodufiltrid.ee\/ru\/magazin\/"},{"@type":"ListItem","position":3,"name":"Komfort Roto EC (E)280"}]},{"@type":"WebSite","@id":"https:\/\/kodufiltrid.ee\/ru\/#website","url":"https:\/\/kodufiltrid.ee\/ru\/","name":"Kodufiltrid","description":"\u00d5hu- ja Ventilatsioonifiltrid | Osta e-poest","potentialAction":[{"@type":"SearchAction","target":{"@type":"EntryPoint","urlTemplate":"https:\/\/kodufiltrid.ee\/ru\/?s={search_term_string}"},"query-input":{"@type":"PropertyValueSpecification","valueRequired":true,"valueName":"search_term_string"}}],"inLanguage":"ru-RU"}]}},"_links":{"self":[{"href":"https:\/\/kodufiltrid.ee\/ru\/wp-json\/wp\/v2\/product\/5023","targetHints":{"allow":["GET"]}}],"collection":[{"href":"https:\/\/kodufiltrid.ee\/ru\/wp-json\/wp\/v2\/product"}],"about":[{"href":"https:\/\/kodufiltrid.ee\/ru\/wp-json\/wp\/v2\/types\/product"}],"replies":[{"embeddable":true,"href":"https:\/\/kodufiltrid.ee\/ru\/wp-json\/wp\/v2\/comments?post=5023"}],"wp:attachment":[{"href":"https:\/\/kodufiltrid.ee\/ru\/wp-json\/wp\/v2\/media?parent=5023"}],"wp:term":[{"taxonomy":"product_brand","embeddable":true,"href":"https:\/\/kodufiltrid.ee\/ru\/wp-json\/wp\/v2\/product_brand?post=5023"},{"taxonomy":"product_cat","embeddable":true,"href":"https:\/\/kodufiltrid.ee\/ru\/wp-json\/wp\/v2\/product_cat?post=5023"},{"taxonomy":"product_tag","embeddable":true,"href":"https:\/\/kodufiltrid.ee\/ru\/wp-json\/wp\/v2\/product_tag?post=5023"}],"curies":[{"name":"wp","href":"https:\/\/api.w.org\/{rel}","templated":true}]}}