{"id":4729,"date":"2025-09-29T10:30:26","date_gmt":"2025-09-29T07:30:26","guid":{"rendered":"https:\/\/kodufiltrid.ee\/?post_type=product&#038;p=4729"},"modified":"2025-09-29T10:30:26","modified_gmt":"2025-09-29T07:30:26","slug":"systemair-save-vsr-400","status":"publish","type":"product","link":"https:\/\/kodufiltrid.ee\/ru\/toode\/systemair-save-vsr-400\/","title":{"rendered":"Systemair SAVE VSR 400"},"content":{"rendered":"","protected":false},"excerpt":{"rendered":"<p class=\"p1\">Paneelfilter, mis on m\u00f5eldud ventilatsiooniseadmele Systemair SAVE VSR 400. Filter on valmistatud mitmekihilisest s\u00fcnteetilisest materjalist, mis tagab madala r\u00f5hukao ja suure tolmukogumise v\u00f5ime. Toodetud Eestis.<\/p>\n<p>&nbsp;<\/p>\n<p class=\"p1\"><b>M\u00f5\u00f5dud ja filtriklass:<\/b><br \/>\n240 x 422 x 98 mm \u2013 ePM1 60% (F7)<br \/>\n209 x 422 x 98 mm \u2013 ePM10 50% (M5)<br \/>\n<b>Filtri raam:<\/b>\u00a0FSC sertifitseeritud niiskuskindlast papist<br \/>\n<b><strong>Tootjapoolne originaalkood<\/strong>:\u00a0<\/b>398188<\/p>\n","protected":false},"featured_media":0,"comment_status":"closed","ping_status":"closed","template":"","meta":{"_acf_changed":false,"inline_featured_image":false},"product_brand":[],"product_cat":[15,54],"product_tag":[],"class_list":{"0":"post-4729","1":"product","2":"type-product","3":"status-publish","5":"product_cat-tooted","6":"product_cat-systemair","8":"first","9":"instock","10":"taxable","11":"shipping-taxable","12":"purchasable","13":"product-type-simple"},"acf":[],"yoast_head":"<!-- This site is optimized with the Yoast SEO plugin v27.3 - https:\/\/yoast.com\/product\/yoast-seo-wordpress\/ -->\n<title>Systemair ventilatsoonifiltrid - Kodufiltrid<\/title>\n<meta name=\"description\" content=\"Systemair ventilatsioonifiltrid saad mugavalt tellida kodufiltrid.ee filtripoest. Vormista p\u00fcsitellimus ja s\u00e4\u00e4stad kuni 15%.\" \/>\n<meta name=\"robots\" content=\"index, follow, max-snippet:-1, max-image-preview:large, max-video-preview:-1\" \/>\n<link rel=\"canonical\" href=\"https:\/\/kodufiltrid.ee\/ru\/toode\/systemair-save-vsr-400\/\" \/>\n<meta property=\"og:locale\" content=\"ru_RU\" \/>\n<meta property=\"og:type\" content=\"article\" \/>\n<meta property=\"og:title\" content=\"Systemair ventilatsoonifiltrid - Kodufiltrid\" \/>\n<meta property=\"og:description\" content=\"Systemair ventilatsioonifiltrid saad mugavalt tellida kodufiltrid.ee filtripoest. Vormista p\u00fcsitellimus ja s\u00e4\u00e4stad kuni 15%.\" \/>\n<meta property=\"og:url\" content=\"https:\/\/kodufiltrid.ee\/ru\/toode\/systemair-save-vsr-400\/\" \/>\n<meta property=\"og:site_name\" content=\"Kodufiltrid\" \/>\n<meta name=\"twitter:card\" content=\"summary_large_image\" \/>\n<script type=\"application\/ld+json\" class=\"yoast-schema-graph\">{\"@context\":\"https:\\\/\\\/schema.org\",\"@graph\":[{\"@type\":\"WebPage\",\"@id\":\"https:\\\/\\\/kodufiltrid.ee\\\/ru\\\/toode\\\/systemair-save-vsr-400\\\/\",\"url\":\"https:\\\/\\\/kodufiltrid.ee\\\/ru\\\/toode\\\/systemair-save-vsr-400\\\/\",\"name\":\"Systemair ventilatsoonifiltrid - Kodufiltrid\",\"isPartOf\":{\"@id\":\"https:\\\/\\\/kodufiltrid.ee\\\/ru\\\/#website\"},\"datePublished\":\"2025-09-29T07:30:26+00:00\",\"description\":\"Systemair ventilatsioonifiltrid saad mugavalt tellida kodufiltrid.ee filtripoest. Vormista p\u00fcsitellimus ja s\u00e4\u00e4stad kuni 15%.\",\"breadcrumb\":{\"@id\":\"https:\\\/\\\/kodufiltrid.ee\\\/ru\\\/toode\\\/systemair-save-vsr-400\\\/#breadcrumb\"},\"inLanguage\":\"ru-RU\",\"potentialAction\":[{\"@type\":\"ReadAction\",\"target\":[\"https:\\\/\\\/kodufiltrid.ee\\\/ru\\\/toode\\\/systemair-save-vsr-400\\\/\"]}]},{\"@type\":\"BreadcrumbList\",\"@id\":\"https:\\\/\\\/kodufiltrid.ee\\\/ru\\\/toode\\\/systemair-save-vsr-400\\\/#breadcrumb\",\"itemListElement\":[{\"@type\":\"ListItem\",\"position\":1,\"name\":\"\u0414\u043e\u043c\u0430\u0448\u043d\u044f\u044f \u0441\u0442\u0440\u0430\u043d\u0438\u0446\u0430\",\"item\":\"https:\\\/\\\/kodufiltrid.ee\\\/ru\\\/\"},{\"@type\":\"ListItem\",\"position\":2,\"name\":\"\u042d-\u043c\u0430\u0433\u0430\u0437\u0438\u043d\",\"item\":\"https:\\\/\\\/kodufiltrid.ee\\\/ru\\\/magazin\\\/\"},{\"@type\":\"ListItem\",\"position\":3,\"name\":\"Systemair SAVE VSR 400\"}]},{\"@type\":\"WebSite\",\"@id\":\"https:\\\/\\\/kodufiltrid.ee\\\/ru\\\/#website\",\"url\":\"https:\\\/\\\/kodufiltrid.ee\\\/ru\\\/\",\"name\":\"Kodufiltrid\",\"description\":\"&Otilde;hu- ja Ventilatsioonifiltrid | Osta e-poest\",\"potentialAction\":[{\"@type\":\"SearchAction\",\"target\":{\"@type\":\"EntryPoint\",\"urlTemplate\":\"https:\\\/\\\/kodufiltrid.ee\\\/ru\\\/?s={search_term_string}\"},\"query-input\":{\"@type\":\"PropertyValueSpecification\",\"valueRequired\":true,\"valueName\":\"search_term_string\"}}],\"inLanguage\":\"ru-RU\"}]}<\/script>\n<!-- \/ Yoast SEO plugin. -->","yoast_head_json":{"title":"Systemair ventilatsoonifiltrid - Kodufiltrid","description":"Systemair ventilatsioonifiltrid saad mugavalt tellida kodufiltrid.ee filtripoest. Vormista p\u00fcsitellimus ja s\u00e4\u00e4stad kuni 15%.","robots":{"index":"index","follow":"follow","max-snippet":"max-snippet:-1","max-image-preview":"max-image-preview:large","max-video-preview":"max-video-preview:-1"},"canonical":"https:\/\/kodufiltrid.ee\/ru\/toode\/systemair-save-vsr-400\/","og_locale":"ru_RU","og_type":"article","og_title":"Systemair ventilatsoonifiltrid - Kodufiltrid","og_description":"Systemair ventilatsioonifiltrid saad mugavalt tellida kodufiltrid.ee filtripoest. Vormista p\u00fcsitellimus ja s\u00e4\u00e4stad kuni 15%.","og_url":"https:\/\/kodufiltrid.ee\/ru\/toode\/systemair-save-vsr-400\/","og_site_name":"Kodufiltrid","twitter_card":"summary_large_image","schema":{"@context":"https:\/\/schema.org","@graph":[{"@type":"WebPage","@id":"https:\/\/kodufiltrid.ee\/ru\/toode\/systemair-save-vsr-400\/","url":"https:\/\/kodufiltrid.ee\/ru\/toode\/systemair-save-vsr-400\/","name":"Systemair ventilatsoonifiltrid - Kodufiltrid","isPartOf":{"@id":"https:\/\/kodufiltrid.ee\/ru\/#website"},"datePublished":"2025-09-29T07:30:26+00:00","description":"Systemair ventilatsioonifiltrid saad mugavalt tellida kodufiltrid.ee filtripoest. Vormista p\u00fcsitellimus ja s\u00e4\u00e4stad kuni 15%.","breadcrumb":{"@id":"https:\/\/kodufiltrid.ee\/ru\/toode\/systemair-save-vsr-400\/#breadcrumb"},"inLanguage":"ru-RU","potentialAction":[{"@type":"ReadAction","target":["https:\/\/kodufiltrid.ee\/ru\/toode\/systemair-save-vsr-400\/"]}]},{"@type":"BreadcrumbList","@id":"https:\/\/kodufiltrid.ee\/ru\/toode\/systemair-save-vsr-400\/#breadcrumb","itemListElement":[{"@type":"ListItem","position":1,"name":"\u0414\u043e\u043c\u0430\u0448\u043d\u044f\u044f \u0441\u0442\u0440\u0430\u043d\u0438\u0446\u0430","item":"https:\/\/kodufiltrid.ee\/ru\/"},{"@type":"ListItem","position":2,"name":"\u042d-\u043c\u0430\u0433\u0430\u0437\u0438\u043d","item":"https:\/\/kodufiltrid.ee\/ru\/magazin\/"},{"@type":"ListItem","position":3,"name":"Systemair SAVE VSR 400"}]},{"@type":"WebSite","@id":"https:\/\/kodufiltrid.ee\/ru\/#website","url":"https:\/\/kodufiltrid.ee\/ru\/","name":"Kodufiltrid","description":"&Otilde;hu- ja Ventilatsioonifiltrid | Osta e-poest","potentialAction":[{"@type":"SearchAction","target":{"@type":"EntryPoint","urlTemplate":"https:\/\/kodufiltrid.ee\/ru\/?s={search_term_string}"},"query-input":{"@type":"PropertyValueSpecification","valueRequired":true,"valueName":"search_term_string"}}],"inLanguage":"ru-RU"}]}},"_links":{"self":[{"href":"https:\/\/kodufiltrid.ee\/ru\/wp-json\/wp\/v2\/product\/4729","targetHints":{"allow":["GET"]}}],"collection":[{"href":"https:\/\/kodufiltrid.ee\/ru\/wp-json\/wp\/v2\/product"}],"about":[{"href":"https:\/\/kodufiltrid.ee\/ru\/wp-json\/wp\/v2\/types\/product"}],"replies":[{"embeddable":true,"href":"https:\/\/kodufiltrid.ee\/ru\/wp-json\/wp\/v2\/comments?post=4729"}],"wp:attachment":[{"href":"https:\/\/kodufiltrid.ee\/ru\/wp-json\/wp\/v2\/media?parent=4729"}],"wp:term":[{"taxonomy":"product_brand","embeddable":true,"href":"https:\/\/kodufiltrid.ee\/ru\/wp-json\/wp\/v2\/product_brand?post=4729"},{"taxonomy":"product_cat","embeddable":true,"href":"https:\/\/kodufiltrid.ee\/ru\/wp-json\/wp\/v2\/product_cat?post=4729"},{"taxonomy":"product_tag","embeddable":true,"href":"https:\/\/kodufiltrid.ee\/ru\/wp-json\/wp\/v2\/product_tag?post=4729"}],"curies":[{"name":"wp","href":"https:\/\/api.w.org\/{rel}","templated":true}]}}